{"id":5,"date":"2026-02-26T16:36:21","date_gmt":"2026-02-26T15:36:21","guid":{"rendered":"https:\/\/schachbezirk-frankfurt.de\/fsm-2026\/?page_id=5"},"modified":"2026-04-28T17:12:23","modified_gmt":"2026-04-28T15:12:23","slug":"2026-2","status":"publish","type":"page","link":"https:\/\/schachbezirk-frankfurt.de\/fsm-2026\/","title":{"rendered":"Frankfurter Stadtmeisterschaft 2026"},"content":{"rendered":"\n<h2 class=\"wp-block-heading has-black-color has-text-color has-link-color has-medium-font-size wp-elements-8ac2d46817255454018d76f148013aea\"><strong>Ausschreibung Frankfurter Schach-Stadtmeisterschaft 2026<\/strong><\/h2>\n\n\n\n<figure class=\"wp-block-table is-style-stripes\"><table class=\"has-black-color has-text-color has-link-color\"><tbody><tr><td><strong>Veranstalter<\/strong><\/td><td>&nbsp;<\/td><td>Schachbezirk 5 Frankfurt e.V.<\/td><\/tr><tr><td><strong>Spielort<\/strong><\/td><td>&nbsp;<\/td><td>Bildungs- und Kulturzentrum Frankfurt-H\u00f6chst,<br>Michael Stumpf-Stra\u00dfe 2,<br>60329 Frankfurt a.M.-H\u00f6chst<\/td><\/tr><tr><td><strong>Spieltage<\/strong><\/td><td>&nbsp;<\/td><td>7 Runden Schweizer System: 27.04., 04.05., 11.05., 18.05., 01.06., 08.06. und 15.06.2026<\/td><\/tr><tr><td><strong>Bedenkzeit<\/strong><\/td><td>&nbsp;<\/td><td>90 Minuten plus 30 Sek. ab dem 1. Zug pro Spieler<\/td><\/tr><tr><td><strong>Beginn \/ Karenzzeit<\/strong><\/td><td>&nbsp;<\/td><td>Jeweils 18.30 Uhr \/ Karenzzeit: 30 Minuten<\/td><\/tr><tr><td><strong>Registrierung<\/strong><\/td><td>&nbsp;<\/td><td>Am 27.04.2026 bis 17.30 Uhr f\u00fcr nicht vorangemeldete Schachspieler. Teilnehmer, die vorangemeldet sind und das Startgeld \u00fcberwiesen haben, m\u00fcssen sich nicht vorher registrieren und werden zur ersten Runde ausgelost. Sollte eine Runde ohne Entschuldigung vor dem Ende der Runde kampflos verloren werden, wird die betreffende Person vom weiteren Turnierverlauf ausgeschlossen.<\/td><\/tr><tr><td><strong>Anmeldung (Homepage)<\/strong><\/td><td>&nbsp;<\/td><td>Online-Anmeldung<\/td><\/tr><tr><td><strong>Turnierleitung<\/strong><\/td><td>&nbsp;<\/td><td>Turnierleiter f\u00fcr Einzelwettk\u00e4mpfe RSR Reamonn Leitzig<br>Turniertelefon:&nbsp;&nbsp;&nbsp;&nbsp;&nbsp;&nbsp;&nbsp; +49 1573 2766083<br>Mail:&nbsp;&nbsp;&nbsp;&nbsp;&nbsp;&nbsp;&nbsp;&nbsp;&nbsp;&nbsp;&nbsp;&nbsp;&nbsp;&nbsp;&nbsp;&nbsp;&nbsp;&nbsp;&nbsp;&nbsp;&nbsp;&nbsp;&nbsp;&nbsp;&nbsp; <a href=\"mailto:tlfe@schachbezirk-frankfurt.de\">tlfe@schachbezirk-frankfurt.de<\/a><\/td><\/tr><tr><td><strong>DWZ-Auswertung<\/strong><\/td><td>&nbsp;<\/td><td>Die Ergebnisse werden unmittelbar nach Beendigung des Turniers zur Auswertung eingereicht.<\/td><\/tr><tr><td><strong>Partienotationen<\/strong><\/td><td>&nbsp;<\/td><td>Die Partienotationen werden zeitnah ver\u00f6ffentlicht.<\/td><\/tr><tr><td><strong>Titel<\/strong><\/td><td>&nbsp;<\/td><td>Der beste Spieler mit einer aktiven Spielgenehmigung des Schachbezirks 5 ist Bezirksmeister.<\/td><\/tr><tr><td><strong>Pokal (A-Turnier)<\/strong><\/td><td>&nbsp;<\/td><td>Der Sieger erh\u00e4lt einen Wanderpokal.<\/td><\/tr><tr><td><strong>A-Turnier<\/strong><\/td><td>&nbsp;<\/td><td>Offen f\u00fcr alle<\/td><\/tr><tr><td><strong>B-Turnier<\/strong><\/td><td>&nbsp;<\/td><td>Spielberechtigt sind Schachspieler: ohne Wertungszahl, mit einer DWZ unter 1500, falls keine DWZ vorhanden ist, einer ELO-Zahl unter 1700 (*). Hierbei gilt der 22.04 als Stichtag f\u00fcr die Wertungszahlen.<\/td><\/tr><tr><td><strong>Startgeld<\/strong><\/td><td>&nbsp;<\/td><td>\u20ac 30,-<br>FM: \u20ac 15,- Kinder und Jugendliche: \u20ac 5,-<br>GM, IM, WGM und WIM: kein Startgeld<br>Kein Startgeld: bitte f\u00fcr die Anmeldung eine Mail an<br><a href=\"mailto:tlfe@schachbezirk-frankfurt.de\">tlfe@schachbezirk-frankfurt.de<\/a><\/td><\/tr><tr><td><strong>Bankverbindung<\/strong><\/td><td>&nbsp;<\/td><td>Empf\u00e4nger: Schachbezirk Frankfurt<br>Bank: Frankfurter Volksbank<br>IBAN: DE60 5019 0000 6300 0300 31<br>BIC: FFVBDEFF<br>Verwendungszweck: FSM, Name des Spielers<\/td><\/tr><tr><td><strong>Preisfonds<\/strong><\/td><td>&nbsp;<\/td><td>ca. \u20ac 4.000,-&nbsp; (garantiert ab 120 Teilnehmern)<br>Doppelgeldpreise fallen dem N\u00e4chstplatzierten zu.<\/td><\/tr><tr><td><strong>A-Turnier (Hauptpreise)<\/strong><\/td><td>&nbsp;<\/td><td>\u20ac500 \/ \u20ac350 \/ \u20ac250 \/ \u20ac100 \/ \u20ac80 \/ \u20ac60 \/ \u20ac40 \/ \u20ac30 \/ \u20ac20<br>Bezirksmeister: \u20ac 200<br>Sonderwertungen: Damen \/ Jugendliche (U18) \/ Senioren (\u00dc65): Je \u20ac 100 \/ \u20ac 50 bei mindestens drei Teilnehmern pro Gruppe<\/td><\/tr><tr><td><strong>A-Turnier (Ratingpreise)<\/strong><\/td><td>&nbsp;<\/td><td>4 Gruppen, die vor der 2. Runde bekanntgegeben werden<br>\u20ac 80 \/ \u20ac 60 \/ \u20ac 40 \/ \u20ac 30 \/ \u20ac 20<\/td><\/tr><tr><td><strong>B-Turnier (Hauptpreise)<\/strong><\/td><td>&nbsp;<\/td><td>\u20ac 200 \/ \u20ac 150 \/ \u20ac 80 \/ \u20ac 50<br>Sonderwertungen: Damen, Jugendliche (U18) und Senioren (\u00dc65): Je \u20ac 50 \/ \u20ac 25 bei mindestens drei Teilnehmern pro Gruppe<\/td><\/tr><tr><td><strong>B-Turnier (Ratingpreise)<\/strong><\/td><td>&nbsp;<\/td><td>2 Gruppen, die vor der 2. Runde bekanntgegeben werden<br>\u20ac 60 \/ \u20ac 40 \/ \u20ac 30 \/ \u20ac 20<\/td><\/tr><tr><td><strong>Regelwerk<\/strong><\/td><td>&nbsp;<\/td><td>Es gilt die Turnierordnung des Bezirks Frankfurt.<\/td><\/tr><tr><td><strong>Fotos \/ Pers\u00f6nlichkeitsrechte<\/strong><\/td><td>&nbsp;<\/td><td>Teilnahmebedingung ist, dass Fotos sowie Namen, Ergebnisse und Tabellen im Internet ver\u00f6ffentlicht werden d\u00fcrfen! Die f\u00fcr die Durchf\u00fchrung des Turniers ben\u00f6tigten pers\u00f6nlichen Daten d\u00fcrfen vom Veranstalter gespeichert und ausschlie\u00dflich f\u00fcr die zur Durchf\u00fchrung notwendige Kommunikation genutzt werden. Spieler und Zuschauer d\u00fcrfen Fotos vor Rundenbeginn aufnehmen. Nach Rundenbeginn d\u00fcrfen Fotos nur noch vom Veranstalter und von beim Veranstalter akkreditierten Personen aufgenommen werden.<\/td><\/tr><\/tbody><\/table><\/figure>\n\n\n\n<p class=\"has-black-color has-text-color has-link-color wp-elements-1a2aa2aba318d5b554332d7036668fb9\">(*) <strong>Hinweis zur bevorstehenden DWZ-Anpassung: <\/strong>Falls die anstehende DWZ-Anpassung vor Beginn des 1. Spieltages vorgenommen wird, werden diese Grenzen entsprechend angepasst.<\/p>\n\n\n\n<p class=\"has-black-color has-text-color has-link-color wp-elements-69e5466591bab7af4dfce4d15139be17\">Einverst\u00e4ndniserkl\u00e4rung\/R\u00fccktritt\/Sonstiges<\/p>\n\n\n\n<p class=\"has-black-color has-text-color has-link-color wp-elements-d0a4921ff0db1710fd6e7758ad35034e\">1.1 &nbsp; Der Schachbezirk 5 Frankfurt e.V. (zuk\u00fcnftig \u201cBezirk\u201d) ist berechtigt, das Schachturnier aus Gr\u00fcnden, die er nicht zu vertreten hat, abzusagen oder zu verlegen. Bei Ausfall einer Veranstaltung durch Erkrankung, h\u00f6here Gewalt oder sonstige unvorhersehbare Ereignisse besteht kein Anspruch auf Durchf\u00fchrung der Veranstaltung. F\u00e4llt eine Veranstaltung ersatzlos aus, werden den Anmeldern bereits geleistete Zahlungen erstattet. Weitergehende Anspr\u00fcche sind ausgeschlossen.<\/p>\n\n\n\n<p class=\"has-black-color has-text-color has-link-color wp-elements-7806103c7db86df51977936d76ca77e0\">1.2 &nbsp; Der Bezirk wird die Teilnehmerinnen und Teilnehmer \u00fcber eine Absage unter den in der Anmeldung genannten Kontaktdaten benachrichtigen.<\/p>\n\n\n\n<p class=\"has-black-color has-text-color has-link-color wp-elements-6e5b31498b37cee889ae7afae8cbc971\">2. &nbsp;&nbsp;&nbsp;&nbsp; Von der FIDE, dem DSB oder einem Mitgliedsverband des DSB aktuell gesperrte oder ausgeschlossene Spieler sind von der Turnierteilnahme ausgeschlossen. Dar\u00fcber hinaus beh\u00e4lt sich der Bezirk auch nach Eingang der Anmeldung vor,<\/p>\n\n\n\n<ul class=\"wp-block-list\">\n<li class=\"has-black-color has-text-color has-link-color wp-elements-74627e6431dca8d6bae4f819317b7630\">Spieler nicht zum Turnier zuzulassen, die in dem begr\u00fcndeten Verdacht stehen, sich bei einem fr\u00fcheren Turnier oder Wettkampf nicht regelkonform verhalten zu haben;<\/li>\n\n\n\n<li class=\"has-black-color has-text-color has-link-color wp-elements-017a35f32189d6ed8c3fdcd38dc9027f\">Spieler, die durch ihr Verhalten w\u00e4hrend des Turniers in dem begr\u00fcndeten Verdacht eines schweren Regelversto\u00dfes stehen, mit sofortiger Wirkung vom Turnier auszuschlie\u00dfen;<\/li>\n\n\n\n<li class=\"has-black-color has-text-color has-link-color wp-elements-e8649a5aa52e1eb7dea38b4844ea844a\">Spielern, die keine aktive Spielberechtigung f\u00fcr einen Mitgliedsverein des Bezirks besitzen, die Teilnahme ohne Angabe von Gr\u00fcnden zu verweigern.<\/li>\n<\/ul>\n\n\n\n<p class=\"has-black-color has-text-color has-link-color wp-elements-b84d1540eafd2b8bf603ff3282255de8\">3. &nbsp;&nbsp;&nbsp;&nbsp; Mit der Anmeldung zum Turnier erkennen die Teilnehmer die Satzung des Deutschen Schachbundes e.V. (DSB) und des Bezirks als f\u00fcr sich verbindlich an. Zu den in der Satzung des DSB und des Bezirks bestimmten Grunds\u00e4tzen z\u00e4hlen die F\u00f6rderung des fairen Schachsports und somit auch die Bek\u00e4mpfung des Dopings und der unmittelbaren und mittelbaren Verwendung unzul\u00e4ssiger technischer Hilfsmittel, sowie die Verhinderung jeglicher Form von Gewalt, unabh\u00e4ngig davon, ob sie k\u00f6rperlicher oder seelischer Art ist und jedweden Verhaltens, welches das Recht auf sexuelle Selbstbestimmung verletzt.<\/p>\n\n\n\n<p class=\"has-black-color has-text-color has-link-color wp-elements-1cba8cea844028808ae7579eebf3fe40\">F\u00fcr den Fall eines Regelversto\u00dfes unterwerfen sich die Teilnehmer der Sanktionsgewalt des DSB und des HSV, insbesondere den in den \u00a7\u00a7 55 bis 61 der Satzung des DSB sowie in Ziff. 108 der Turnierordnung des HSV bestimmten Ma\u00dfnahmen.<\/p>\n\n\n\n<p class=\"has-black-color has-text-color has-link-color wp-elements-2d42fab861ad8dd39fb6f66d8f76499b\">Es wird ausdr\u00fccklich darauf hingewiesen, dass die nach der Satzung des DSB, der Satzung des Bezirks und der Turnierordnung des Bezirks m\u00f6glichen Ma\u00dfnahmen \u00fcber den im FIDE-Regelwerk bestimmten Sanktionskatalog hinausgehen und u.a. Geldbu\u00dfen, Sperren und der Ausschluss aus dem Verband verh\u00e4ngt werden k\u00f6nnen.&nbsp;<br><br>Die genannten Regelwerke sind im Internet einsehbar:<\/p>\n\n\n\n<ul class=\"wp-block-list\">\n<li class=\"has-black-color has-text-color has-link-color wp-elements-fdefe523fb0ea1e7ef7270cc3bc4d4f9\">FIDE-Regeln: <a href=\"https:\/\/handbook.fide.com\/\"><mark style=\"background-color:#ffffff\" class=\"has-inline-color has-vivid-cyan-blue-color\">https:\/\/handbook.fide.com\/<\/mark><\/a><\/li>\n\n\n\n<li class=\"has-black-color has-text-color has-link-color wp-elements-78f787ba20a0f29276d3fad4b8a96206\">Ordnungswerke des DSB: <a href=\"http:\/\/www.schachbund.de\/satzung-ordnungen.html\"><mark style=\"background-color:#ffffff\" class=\"has-inline-color has-vivid-cyan-blue-color\">http:\/\/www.schachbund.de\/satzung-ordnungen.html<\/mark><\/a><\/li>\n\n\n\n<li class=\"has-black-color has-text-color has-link-color wp-elements-7633673f72e3985949beaf104e94e3ae\">Ordnungswerke des HSV: <a href=\"https:\/\/www.hessischer-schachverband.de\/organisatorisches\/ordnungen\"><mark style=\"background-color:#ffffff\" class=\"has-inline-color has-vivid-cyan-blue-color\">https:\/\/www.hessischer-schachverband.de\/organisatorisches\/ordnungen<\/mark><\/a><\/li>\n\n\n\n<li class=\"has-black-color has-text-color has-link-color wp-elements-285f7bf9c235996969deba27d39b5bf1\">Ordnungswerke des Bezirks: <a href=\"https:\/\/schachbezirk-frankfurt.de\/downloads\/\"><mark style=\"background-color:#ffffff\" class=\"has-inline-color has-vivid-cyan-blue-color\">https:\/\/schachbezirk-frankfurt.de\/downloads\/<\/mark><\/a><\/li>\n<\/ul>\n\n\n\n<p class=\"has-black-color has-text-color has-link-color wp-elements-82772ec9f4e37badb9416922767eea94\">4.&nbsp;&nbsp;&nbsp;&nbsp;&nbsp; Bei R\u00fccktritt eines Teilnehmers sp\u00e4ter als 24 h vor dem angesetzten Turnierbeginn entf\u00e4llt der Anspruch auf R\u00fcckerstattung des Startgeldes. Der R\u00fccktritt hat in Textform zu erfolgen.<\/p>\n\n\n\n<p class=\"has-black-color has-text-color has-link-color wp-elements-772905dbb091569683c2911e25510fc2\">5.&nbsp;&nbsp;&nbsp;&nbsp;&nbsp; F\u00fcr Minderj\u00e4hrige wird keine Aufsichtspflicht \u00fcbernommen, diese verbleibt bei den Eltern bzw. Vereinsvertretern.<\/p>\n\n\n\n<p class=\"has-black-color has-text-color has-link-color wp-elements-7a777925dc965867abbe864efd43a768\">6.&nbsp;&nbsp;&nbsp;&nbsp;&nbsp; F\u00fcr eine Turnieranmeldung werden die angegebenen Daten von uns gespeichert. Mehr dazu findet man unter unserer Datenschutzerkl\u00e4rung: <a href=\"https:\/\/schachbezirk-frankfurt.de\/datenschutzerklaerung\/\"><mark style=\"background-color:#ffffff\" class=\"has-inline-color has-vivid-cyan-blue-color\">https:\/\/schachbezirk-frankfurt.de\/datenschutzerklaerung\/<\/mark><\/a><\/p>\n\n\n\n<div class=\"wp-block-file\"><a id=\"wp-block-file--media-a6e01628-936a-493a-95e8-65aa7bb34afa\" href=\"https:\/\/schachbezirk-frankfurt.de\/fsm-2026\/wp-content\/uploads\/sites\/11\/2026\/04\/FSM_26-1.pdf\">FSM_26<\/a><a href=\"https:\/\/schachbezirk-frankfurt.de\/fsm-2026\/wp-content\/uploads\/sites\/11\/2026\/04\/FSM_26-1.pdf\" class=\"wp-block-file__button wp-element-button\" download aria-describedby=\"wp-block-file--media-a6e01628-936a-493a-95e8-65aa7bb34afa\">Herunterladen<\/a><\/div>\n","protected":false},"excerpt":{"rendered":"<p>Ausschreibung Frankfurter Schach-Stadtmeisterschaft 2026 Veranstalter &nbsp; Schachbezirk 5 Frankfurt e.V. Spielort &nbsp; Bildungs- und Kulturzentrum Frankfurt-H\u00f6chst,Michael Stumpf-Stra\u00dfe 2,60329 Frankfurt a.M.-H\u00f6chst Spieltage &nbsp; 7 Runden Schweizer System: 27.04., 04.05., 11.05., 18.05., &#8230;<\/p>\n","protected":false},"author":1,"featured_media":16,"parent":0,"menu_order":0,"comment_status":"closed","ping_status":"closed","template":"","meta":{"_price":"","_stock":"","_tribe_ticket_header":"","_tribe_default_ticket_provider":"","_tribe_ticket_capacity":"0","_ticket_start_date":"","_ticket_end_date":"","_tribe_ticket_show_description":"","_tribe_ticket_show_not_going":false,"_tribe_ticket_use_global_stock":"","_tribe_ticket_global_stock_level":"","_global_stock_mode":"","_global_stock_cap":"","_tribe_rsvp_for_event":"","_tribe_ticket_going_count":"","_tribe_ticket_not_going_count":"","_tribe_tickets_list":"[]","_tribe_ticket_has_attendee_info_fields":false,"_EventAllDay":false,"_EventTimezone":"","_EventStartDate":"","_EventEndDate":"","_EventStartDateUTC":"","_EventEndDateUTC":"","_EventShowMap":false,"_EventShowMapLink":false,"_EventURL":"","_EventCost":"","_EventCostDescription":"","_EventCurrencySymbol":"","_EventCurrencyCode":"","_EventCurrencyPosition":"","_EventDateTimeSeparator":"","_EventTimeRangeSeparator":"","_EventOrganizerID":[],"_EventVenueID":[],"_OrganizerEmail":"","_OrganizerPhone":"","_OrganizerWebsite":"","_VenueAddress":"","_VenueCity":"","_VenueCountry":"","_VenueProvince":"","_VenueState":"","_VenueZip":"","_VenuePhone":"","_VenueURL":"","_VenueStateProvince":"","_VenueLat":"","_VenueLng":"","_VenueShowMap":false,"_VenueShowMapLink":false,"footnotes":""},"class_list":["post-5","page","type-page","status-publish","has-post-thumbnail","hentry"],"_links":{"self":[{"href":"https:\/\/schachbezirk-frankfurt.de\/fsm-2026\/wp-json\/wp\/v2\/pages\/5","targetHints":{"allow":["GET"]}}],"collection":[{"href":"https:\/\/schachbezirk-frankfurt.de\/fsm-2026\/wp-json\/wp\/v2\/pages"}],"about":[{"href":"https:\/\/schachbezirk-frankfurt.de\/fsm-2026\/wp-json\/wp\/v2\/types\/page"}],"author":[{"embeddable":true,"href":"https:\/\/schachbezirk-frankfurt.de\/fsm-2026\/wp-json\/wp\/v2\/users\/1"}],"replies":[{"embeddable":true,"href":"https:\/\/schachbezirk-frankfurt.de\/fsm-2026\/wp-json\/wp\/v2\/comments?post=5"}],"version-history":[{"count":12,"href":"https:\/\/schachbezirk-frankfurt.de\/fsm-2026\/wp-json\/wp\/v2\/pages\/5\/revisions"}],"predecessor-version":[{"id":270,"href":"https:\/\/schachbezirk-frankfurt.de\/fsm-2026\/wp-json\/wp\/v2\/pages\/5\/revisions\/270"}],"wp:featuredmedia":[{"embeddable":true,"href":"https:\/\/schachbezirk-frankfurt.de\/fsm-2026\/wp-json\/wp\/v2\/media\/16"}],"wp:attachment":[{"href":"https:\/\/schachbezirk-frankfurt.de\/fsm-2026\/wp-json\/wp\/v2\/media?parent=5"}],"curies":[{"name":"wp","href":"https:\/\/api.w.org\/{rel}","templated":true}]}}